{"id":1199,"date":"2024-10-21T06:36:18","date_gmt":"2024-10-21T06:36:18","guid":{"rendered":"https:\/\/www.transcendo.eu\/?page_id=1199"},"modified":"2025-01-16T09:45:46","modified_gmt":"2025-01-16T09:45:46","slug":"blog","status":"publish","type":"page","link":"https:\/\/www.transcendo.eu\/en\/blog\/","title":{"rendered":"Blog"},"content":{"rendered":"\t\t<div data-elementor-type=\"wp-page\" data-elementor-id=\"1199\" class=\"elementor elementor-1199\" data-elementor-post-type=\"page\">\n\t\t\t\t<div class=\"elementor-element elementor-element-edd46bb e-flex e-con-boxed e-con e-parent\" data-id=\"edd46bb\" data-element_type=\"container\" data-e-type=\"container\" data-settings=\"{&quot;background_background&quot;:&quot;classic&quot;,&quot;_ob_use_container_extras&quot;:&quot;no&quot;,&quot;_ob_column_hoveranimator&quot;:&quot;no&quot;,&quot;_ob_glider_is_slider&quot;:&quot;no&quot;,&quot;_ob_column_has_pseudo&quot;:&quot;no&quot;}\">\n\t\t\t\t\t<div class=\"e-con-inner\">\n\t\t<div class=\"elementor-element elementor-element-e99841c e-con-full e-flex e-con e-child\" data-id=\"e99841c\" data-element_type=\"container\" data-e-type=\"container\" data-settings=\"{&quot;_ob_use_container_extras&quot;:&quot;no&quot;,&quot;_ob_column_hoveranimator&quot;:&quot;no&quot;,&quot;_ob_glider_is_slider&quot;:&quot;no&quot;,&quot;_ob_column_has_pseudo&quot;:&quot;no&quot;}\">\n\t\t\t\t<div class=\"elementor-element elementor-element-901cf2a ob-harakiri-inherit ob-has-background-overlay elementor-widget elementor-widget-heading\" data-id=\"901cf2a\" data-element_type=\"widget\" data-e-type=\"widget\" data-settings=\"{&quot;_ob_use_harakiri&quot;:&quot;yes&quot;,&quot;_ob_harakiri_writing_mode&quot;:&quot;inherit&quot;,&quot;_ob_harakiri_text_clip&quot;:&quot;none&quot;,&quot;_ob_perspektive_use&quot;:&quot;no&quot;,&quot;_ob_poopart_use&quot;:&quot;yes&quot;,&quot;_ob_shadough_use&quot;:&quot;no&quot;,&quot;_ob_allow_hoveranimator&quot;:&quot;no&quot;,&quot;_ob_widget_stalker_use&quot;:&quot;no&quot;}\" data-widget_type=\"heading.default\">\n\t\t\t\t<div class=\"elementor-widget-container\">\n\t\t\t\t\t<h2 class=\"elementor-heading-title elementor-size-default\">Articles r\u00e9cents<\/h2>\t\t\t\t<\/div>\n\t\t\t\t<\/div>\n\t\t\t\t<div class=\"elementor-element elementor-element-7fdf729 ob-harakiri-inherit ob-has-background-overlay elementor-widget elementor-widget-heading\" data-id=\"7fdf729\" data-element_type=\"widget\" data-e-type=\"widget\" data-settings=\"{&quot;_ob_use_harakiri&quot;:&quot;yes&quot;,&quot;_ob_harakiri_writing_mode&quot;:&quot;inherit&quot;,&quot;_ob_harakiri_text_clip&quot;:&quot;none&quot;,&quot;_ob_perspektive_use&quot;:&quot;no&quot;,&quot;_ob_poopart_use&quot;:&quot;yes&quot;,&quot;_ob_shadough_use&quot;:&quot;no&quot;,&quot;_ob_allow_hoveranimator&quot;:&quot;no&quot;,&quot;_ob_widget_stalker_use&quot;:&quot;no&quot;}\" data-widget_type=\"heading.default\">\n\t\t\t\t<div class=\"elementor-widget-container\">\n\t\t\t\t\t<h2 class=\"elementor-heading-title elementor-size-default\">Tous nos articles<\/h2>\t\t\t\t<\/div>\n\t\t\t\t<\/div>\n\t\t\t\t<div class=\"elementor-element elementor-element-0ca9a75 elementor-widget-divider--view-line ob-has-background-overlay elementor-widget elementor-widget-divider\" data-id=\"0ca9a75\" data-element_type=\"widget\" data-e-type=\"widget\" data-settings=\"{&quot;_ob_perspektive_use&quot;:&quot;no&quot;,&quot;_ob_poopart_use&quot;:&quot;yes&quot;,&quot;_ob_shadough_use&quot;:&quot;no&quot;,&quot;_ob_allow_hoveranimator&quot;:&quot;no&quot;,&quot;_ob_widget_stalker_use&quot;:&quot;no&quot;}\" data-widget_type=\"divider.default\">\n\t\t\t\t<div class=\"elementor-widget-container\">\n\t\t\t\t\t\t\t<div class=\"elementor-divider\">\n\t\t\t<span class=\"elementor-divider-separator\">\n\t\t\t\t\t\t<\/span>\n\t\t<\/div>\n\t\t\t\t\t\t<\/div>\n\t\t\t\t<\/div>\n\t\t\t\t<div class=\"elementor-element elementor-element-72ece1a elementor-grid-tablet-1 elementor-grid-3 elementor-grid-mobile-1 elementor-posts--thumbnail-top ob-has-background-overlay elementor-widget elementor-widget-posts\" data-id=\"72ece1a\" data-element_type=\"widget\" data-e-type=\"widget\" data-settings=\"{&quot;classic_columns_tablet&quot;:&quot;1&quot;,&quot;classic_row_gap&quot;:{&quot;unit&quot;:&quot;px&quot;,&quot;size&quot;:60,&quot;sizes&quot;:[]},&quot;classic_columns&quot;:&quot;3&quot;,&quot;classic_columns_mobile&quot;:&quot;1&quot;,&quot;classic_row_gap_tablet&quot;:{&quot;unit&quot;:&quot;px&quot;,&quot;size&quot;:&quot;&quot;,&quot;sizes&quot;:[]},&quot;classic_row_gap_mobile&quot;:{&quot;unit&quot;:&quot;px&quot;,&quot;size&quot;:&quot;&quot;,&quot;sizes&quot;:[]},&quot;_ob_perspektive_use&quot;:&quot;no&quot;,&quot;_ob_poopart_use&quot;:&quot;yes&quot;,&quot;_ob_shadough_use&quot;:&quot;no&quot;,&quot;_ob_allow_hoveranimator&quot;:&quot;no&quot;,&quot;_ob_widget_stalker_use&quot;:&quot;no&quot;}\" data-widget_type=\"posts.classic\">\n\t\t\t\t<div class=\"elementor-widget-container\">\n\t\t\t\t\t\t\t<div class=\"elementor-posts-container elementor-posts elementor-posts--skin-classic elementor-grid\" role=\"list\">\n\t\t\t\t<article class=\"elementor-post elementor-grid-item post-3524 post type-post status-publish format-standard has-post-thumbnail hentry category-uncategorized\" role=\"listitem\">\n\t\t\t\t<a class=\"elementor-post__thumbnail__link\" href=\"https:\/\/www.transcendo.eu\/en\/will-schutz-en-revait-lentreprise-liberee-le-fait\/\" tabindex=\"-1\">\n\t\t\t<div class=\"elementor-post__thumbnail\"><img fetchpriority=\"high\" decoding=\"async\" width=\"849\" height=\"565\" src=\"https:\/\/www.transcendo.eu\/wp-content\/uploads\/2024\/11\/entreprise-liberee-will-schutz.webp\" class=\"attachment-full size-full wp-image-3525\" alt=\"Homme lisant un journal\" title=\"\" srcset=\"https:\/\/www.transcendo.eu\/wp-content\/uploads\/2024\/11\/entreprise-liberee-will-schutz.webp 849w, https:\/\/www.transcendo.eu\/wp-content\/uploads\/2024\/11\/entreprise-liberee-will-schutz-300x200.webp 300w, https:\/\/www.transcendo.eu\/wp-content\/uploads\/2024\/11\/entreprise-liberee-will-schutz-768x511.webp 768w, https:\/\/www.transcendo.eu\/wp-content\/uploads\/2024\/11\/entreprise-liberee-will-schutz-18x12.webp 18w\" sizes=\"(max-width: 849px) 100vw, 849px\" \/><\/div>\n\t\t<\/a>\n\t\t\t\t<div class=\"elementor-post__text\">\n\t\t\t\t<h3 class=\"elementor-post__title\">\n\t\t\t<a href=\"https:\/\/www.transcendo.eu\/en\/will-schutz-en-revait-lentreprise-liberee-le-fait\/\">\n\t\t\t\tWill Schutz en r\u00eavait, l&rsquo;entreprise lib\u00e9r\u00e9e le fait !\t\t\t<\/a>\n\t\t<\/h3>\n\t\t\t\t<div class=\"elementor-post__meta-data\">\n\t\t\t\t\t<span class=\"elementor-post-author\">\n\t\t\tLaurence\t\t<\/span>\n\t\t\t\t<span class=\"elementor-post-date\">\n\t\t\tNovember 6, 2024\t\t<\/span>\n\t\t\t\t<\/div>\n\t\t\t\t<div class=\"elementor-post__excerpt\">\n\t\t\t<p>Regards Crois\u00e9s&nbsp;: Entreprise Lib\u00e9r\u00e9e &amp; \u00c9l\u00e9ment Humain\u00ae I.&nbsp;&nbsp;&nbsp;&nbsp;&nbsp;&nbsp;&nbsp;&nbsp;&nbsp;&nbsp;&nbsp;&nbsp;Will Schutz en r\u00eavait, l\u2019Entreprise Lib\u00e9r\u00e9e le fait&nbsp;! Lorsque j&rsquo;ai d\u00e9couvert l&rsquo;Entreprise Lib\u00e9r\u00e9e \u00e0 travers le livre d&rsquo;Isaac Getz, Libert\u00e9 et Cie[1], j&rsquo;ai<\/p>\n\t\t<\/div>\n\t\t\n\t\t<a class=\"elementor-post__read-more\" href=\"https:\/\/www.transcendo.eu\/en\/will-schutz-en-revait-lentreprise-liberee-le-fait\/\" aria-label=\"Read more about Will Schutz en r\u00eavait, l&rsquo;entreprise lib\u00e9r\u00e9e le fait !\" tabindex=\"-1\">\n\t\t\tEn savoir plus \u27f6\t\t<\/a>\n\n\t\t\t\t<\/div>\n\t\t\t\t<\/article>\n\t\t\t\t<article class=\"elementor-post elementor-grid-item post-3521 post type-post status-publish format-standard has-post-thumbnail hentry category-uncategorized\" role=\"listitem\">\n\t\t\t\t<a class=\"elementor-post__thumbnail__link\" href=\"https:\/\/www.transcendo.eu\/en\/quest-ce-que-je-souhaite-ici-et-maintenant-prisonnier-de-mes-besoins-ou-libre-de-mes-choix\/\" tabindex=\"-1\">\n\t\t\t<div class=\"elementor-post__thumbnail\"><img decoding=\"async\" width=\"2560\" height=\"1920\" src=\"https:\/\/www.transcendo.eu\/wp-content\/uploads\/2024\/11\/definir-parcours-carriere-scaled.jpg\" class=\"attachment-full size-full wp-image-3528\" alt=\"Questionnements sur sa carri\u00e8re\" title=\"\" srcset=\"https:\/\/www.transcendo.eu\/wp-content\/uploads\/2024\/11\/definir-parcours-carriere-scaled.jpg 2560w, https:\/\/www.transcendo.eu\/wp-content\/uploads\/2024\/11\/definir-parcours-carriere-300x225.jpg 300w, https:\/\/www.transcendo.eu\/wp-content\/uploads\/2024\/11\/definir-parcours-carriere-1024x768.jpg 1024w, https:\/\/www.transcendo.eu\/wp-content\/uploads\/2024\/11\/definir-parcours-carriere-768x576.jpg 768w, https:\/\/www.transcendo.eu\/wp-content\/uploads\/2024\/11\/definir-parcours-carriere-1536x1152.jpg 1536w, https:\/\/www.transcendo.eu\/wp-content\/uploads\/2024\/11\/definir-parcours-carriere-2048x1536.jpg 2048w, https:\/\/www.transcendo.eu\/wp-content\/uploads\/2024\/11\/definir-parcours-carriere-16x12.jpg 16w\" sizes=\"(max-width: 2560px) 100vw, 2560px\" \/><\/div>\n\t\t<\/a>\n\t\t\t\t<div class=\"elementor-post__text\">\n\t\t\t\t<h3 class=\"elementor-post__title\">\n\t\t\t<a href=\"https:\/\/www.transcendo.eu\/en\/quest-ce-que-je-souhaite-ici-et-maintenant-prisonnier-de-mes-besoins-ou-libre-de-mes-choix\/\">\n\t\t\t\tQu&rsquo;est-ce que je souhaite, ici et maintenant ? Prisonnier de mes besoins ou libre de mes choix ?\t\t\t<\/a>\n\t\t<\/h3>\n\t\t\t\t<div class=\"elementor-post__meta-data\">\n\t\t\t\t\t<span class=\"elementor-post-author\">\n\t\t\tLaurence\t\t<\/span>\n\t\t\t\t<span class=\"elementor-post-date\">\n\t\t\tNovember 6, 2024\t\t<\/span>\n\t\t\t\t<\/div>\n\t\t\t\t<div class=\"elementor-post__excerpt\">\n\t\t\t<p>Dans son article intitul\u00e9 \u00ab&nbsp;Wants not Needs&nbsp;\u00bb, Ethan Schutz poussant le raisonnement de l\u2019hypoth\u00e8se du Choix, consid\u00e8re qu\u2019il n\u2019y a pas de besoins mais seulement des souhaits. Cette perspective remet<\/p>\n\t\t<\/div>\n\t\t\n\t\t<a class=\"elementor-post__read-more\" href=\"https:\/\/www.transcendo.eu\/en\/quest-ce-que-je-souhaite-ici-et-maintenant-prisonnier-de-mes-besoins-ou-libre-de-mes-choix\/\" aria-label=\"Read more about Qu&rsquo;est-ce que je souhaite, ici et maintenant ? Prisonnier de mes besoins ou libre de mes choix ?\" tabindex=\"-1\">\n\t\t\tEn savoir plus \u27f6\t\t<\/a>\n\n\t\t\t\t<\/div>\n\t\t\t\t<\/article>\n\t\t\t\t<article class=\"elementor-post elementor-grid-item post-3515 post type-post status-publish format-standard has-post-thumbnail hentry category-uncategorized\" role=\"listitem\">\n\t\t\t\t<a class=\"elementor-post__thumbnail__link\" href=\"https:\/\/www.transcendo.eu\/en\/lelement-humain-aux-temps-du-covid-19\/\" tabindex=\"-1\">\n\t\t\t<div class=\"elementor-post__thumbnail\"><img decoding=\"async\" width=\"1068\" height=\"720\" src=\"https:\/\/www.transcendo.eu\/wp-content\/uploads\/2024\/11\/element-humain-covid.webp\" class=\"attachment-full size-full wp-image-3516\" alt=\"Femme portant un masque sanitaire au milieu des cerisiers en fleur\" title=\"\" srcset=\"https:\/\/www.transcendo.eu\/wp-content\/uploads\/2024\/11\/element-humain-covid.webp 1068w, https:\/\/www.transcendo.eu\/wp-content\/uploads\/2024\/11\/element-humain-covid-300x202.webp 300w, https:\/\/www.transcendo.eu\/wp-content\/uploads\/2024\/11\/element-humain-covid-1024x690.webp 1024w, https:\/\/www.transcendo.eu\/wp-content\/uploads\/2024\/11\/element-humain-covid-768x518.webp 768w, https:\/\/www.transcendo.eu\/wp-content\/uploads\/2024\/11\/element-humain-covid-18x12.webp 18w\" sizes=\"(max-width: 1068px) 100vw, 1068px\" \/><\/div>\n\t\t<\/a>\n\t\t\t\t<div class=\"elementor-post__text\">\n\t\t\t\t<h3 class=\"elementor-post__title\">\n\t\t\t<a href=\"https:\/\/www.transcendo.eu\/en\/lelement-humain-aux-temps-du-covid-19\/\">\n\t\t\t\tL\u2019\u00c9l\u00e9ment Humain\u00ae aux temps du Covid-19\t\t\t<\/a>\n\t\t<\/h3>\n\t\t\t\t<div class=\"elementor-post__meta-data\">\n\t\t\t\t\t<span class=\"elementor-post-author\">\n\t\t\tLaurence\t\t<\/span>\n\t\t\t\t<span class=\"elementor-post-date\">\n\t\t\tNovember 6, 2024\t\t<\/span>\n\t\t\t\t<\/div>\n\t\t\t\t<div class=\"elementor-post__excerpt\">\n\t\t\t<p>En ces temps de pand\u00e9mie et de confinement g\u00e9n\u00e9ral o\u00f9 chacun se doit de rester chez lui et de limiter les contacts avec l\u2019ext\u00e9rieur, nous vivons tous une situation singuli\u00e8re<\/p>\n\t\t<\/div>\n\t\t\n\t\t<a class=\"elementor-post__read-more\" href=\"https:\/\/www.transcendo.eu\/en\/lelement-humain-aux-temps-du-covid-19\/\" aria-label=\"Read more about L\u2019\u00c9l\u00e9ment Humain\u00ae aux temps du Covid-19\" tabindex=\"-1\">\n\t\t\tEn savoir plus \u27f6\t\t<\/a>\n\n\t\t\t\t<\/div>\n\t\t\t\t<\/article>\n\t\t\t\t<\/div>\n\t\t\n\t\t\t\t\t\t<\/div>\n\t\t\t\t<\/div>\n\t\t\t\t<\/div>\n\t\t\t\t\t<\/div>\n\t\t\t\t<\/div>\n\t\t\t\t<\/div>\n\t\t","protected":false},"excerpt":{"rendered":"<p>Articles r\u00e9cents Tous nos articles<\/p>","protected":false},"author":1,"featured_media":7217,"parent":0,"menu_order":0,"comment_status":"closed","ping_status":"closed","template":"","meta":{"_acf_changed":false,"footnotes":""},"class_list":["post-1199","page","type-page","status-publish","has-post-thumbnail","hentry"],"acf":[],"_links":{"self":[{"href":"https:\/\/www.transcendo.eu\/en\/wp-json\/wp\/v2\/pages\/1199","targetHints":{"allow":["GET"]}}],"collection":[{"href":"https:\/\/www.transcendo.eu\/en\/wp-json\/wp\/v2\/pages"}],"about":[{"href":"https:\/\/www.transcendo.eu\/en\/wp-json\/wp\/v2\/types\/page"}],"author":[{"embeddable":true,"href":"https:\/\/www.transcendo.eu\/en\/wp-json\/wp\/v2\/users\/1"}],"replies":[{"embeddable":true,"href":"https:\/\/www.transcendo.eu\/en\/wp-json\/wp\/v2\/comments?post=1199"}],"version-history":[{"count":0,"href":"https:\/\/www.transcendo.eu\/en\/wp-json\/wp\/v2\/pages\/1199\/revisions"}],"wp:featuredmedia":[{"embeddable":true,"href":"https:\/\/www.transcendo.eu\/en\/wp-json\/wp\/v2\/media\/7217"}],"wp:attachment":[{"href":"https:\/\/www.transcendo.eu\/en\/wp-json\/wp\/v2\/media?parent=1199"}],"curies":[{"name":"wp","href":"https:\/\/api.w.org\/{rel}","templated":true}]}}